{"id":1208,"date":"2024-02-28T20:18:03","date_gmt":"2024-02-28T20:18:03","guid":{"rendered":"https:\/\/adis-metall.de\/?page_id=1208"},"modified":"2025-12-04T12:11:42","modified_gmt":"2025-12-04T12:11:42","slug":"sicherheit","status":"publish","type":"page","link":"https:\/\/adis-metall.de\/en\/sicherheit\/","title":{"rendered":"Sicherheit"},"content":{"rendered":"<div data-elementor-type=\"wp-page\" data-elementor-id=\"1208\" class=\"elementor elementor-1208\">\n\t\t\t\t<div class=\"elementor-element elementor-element-b009835 e-flex e-con-boxed e-con e-parent\" data-id=\"b009835\" data-element_type=\"container\" data-e-type=\"container\" data-settings=\"{&quot;background_background&quot;:&quot;classic&quot;}\">\n\t\t\t\t\t<div class=\"e-con-inner\">\n\t\t\t\t<div class=\"elementor-element elementor-element-0025e65 elementor-widget elementor-widget-heading\" data-id=\"0025e65\" data-element_type=\"widget\" data-e-type=\"widget\" data-widget_type=\"heading.default\">\n\t\t\t\t<div class=\"elementor-widget-container\">\n\t\t\t\t\t<h2 class=\"elementor-heading-title elementor-size-default\">Safety First<\/h2>\t\t\t\t<\/div>\n\t\t\t\t<\/div>\n\t\t\t\t<div class=\"elementor-element elementor-element-2eef524 elementor-widget elementor-widget-text-editor\" data-id=\"2eef524\" data-element_type=\"widget\" data-e-type=\"widget\" data-widget_type=\"text-editor.default\">\n\t\t\t\t<div class=\"elementor-widget-container\">\n\t\t\t\t\t\t\t\t\t<p>Wir arbeiten kontrolliert, geschult und mit klaren Vorgaben f\u00fcr jeden Einsatzbereich<\/p>\t\t\t\t\t\t\t\t<\/div>\n\t\t\t\t<\/div>\n\t\t\t\t\t<\/div>\n\t\t\t\t<\/div>\n\t\t<div class=\"elementor-element elementor-element-fe27c03 e-con-full e-flex e-con e-parent\" data-id=\"fe27c03\" data-element_type=\"container\" data-e-type=\"container\" data-settings=\"{&quot;background_background&quot;:&quot;gradient&quot;}\">\n\t\t\t\t<div class=\"elementor-element elementor-element-2620748 elementor-widget elementor-widget-menu-anchor\" data-id=\"2620748\" data-element_type=\"widget\" data-e-type=\"widget\" data-widget_type=\"menu-anchor.default\">\n\t\t\t\t<div class=\"elementor-widget-container\">\n\t\t\t\t\t\t\t<div class=\"elementor-menu-anchor\" id=\"leistungen\"><\/div>\n\t\t\t\t\t\t<\/div>\n\t\t\t\t<\/div>\n\t\t<div class=\"elementor-element elementor-element-768b615 sticky-div e-flex e-con-boxed e-con e-child\" data-id=\"768b615\" data-element_type=\"container\" data-e-type=\"container\" data-settings=\"{&quot;background_background&quot;:&quot;classic&quot;}\">\n\t\t\t\t\t<div class=\"e-con-inner\">\n\t\t\t\t<div class=\"elementor-element elementor-element-062093d elementor-widget elementor-widget-heading\" data-id=\"062093d\" data-element_type=\"widget\" data-e-type=\"widget\" data-widget_type=\"heading.default\">\n\t\t\t\t<div class=\"elementor-widget-container\">\n\t\t\t\t\t<h2 class=\"elementor-heading-title elementor-size-default\">Sicheres Arbeiten bei ADIS Metall<\/h2>\t\t\t\t<\/div>\n\t\t\t\t<\/div>\n\t\t\t\t<div class=\"elementor-element elementor-element-f4c2bae elementor-widget elementor-widget-heading\" data-id=\"f4c2bae\" data-element_type=\"widget\" data-e-type=\"widget\" data-widget_type=\"heading.default\">\n\t\t\t\t<div class=\"elementor-widget-container\">\n\t\t\t\t\t<h3 class=\"elementor-heading-title elementor-size-default\">Sicherheit ist bei ADIS Metall Teil des t\u00e4glichen Handelns.\nAlle Vorgaben gelten f\u00fcr das gesamte Team und sind fest in unsere Abl\u00e4ufe integriert.\nDie folgenden Punkte beschreiben unseren Sicherheitsstandard in der Praxis.<\/h3>\t\t\t\t<\/div>\n\t\t\t\t<\/div>\n\t\t\t\t\t<\/div>\n\t\t\t\t<\/div>\n\t\t<div class=\"elementor-element elementor-element-4d69089 e-flex e-con-boxed e-con e-child\" data-id=\"4d69089\" data-element_type=\"container\" data-e-type=\"container\" data-settings=\"{&quot;background_background&quot;:&quot;gradient&quot;}\">\n\t\t\t\t\t<div class=\"e-con-inner\">\n\t\t<div class=\"elementor-element elementor-element-ccda1be e-con-full e-flex e-con e-child\" data-id=\"ccda1be\" data-element_type=\"container\" data-e-type=\"container\" data-settings=\"{&quot;background_background&quot;:&quot;classic&quot;}\">\n\t\t\t\t<div class=\"elementor-element elementor-element-d885b99 elementor-widget__width-auto elementor-widget-mobile__width-auto heading elementor-widget elementor-widget-heading\" data-id=\"d885b99\" data-element_type=\"widget\" data-e-type=\"widget\" data-widget_type=\"heading.default\">\n\t\t\t\t<div class=\"elementor-widget-container\">\n\t\t\t\t\t<h4 class=\"elementor-heading-title elementor-size-default\">1<\/h4>\t\t\t\t<\/div>\n\t\t\t\t<\/div>\n\t\t\t\t<div class=\"elementor-element elementor-element-f107010 elementor-widget elementor-widget-text-editor\" data-id=\"f107010\" data-element_type=\"widget\" data-e-type=\"widget\" data-widget_type=\"text-editor.default\">\n\t\t\t\t<div class=\"elementor-widget-container\">\n\t\t\t\t\t\t\t\t\t<p>Wir schaffen sichere und gesundheitsgerechte Arbeitsbedingungen.<br data-start=\"1189\" data-end=\"1192\" \/>Umgebung, Projektumfang und eingesetzte Verfahren werden ber\u00fccksichtigt.<\/p>\t\t\t\t\t\t\t\t<\/div>\n\t\t\t\t<\/div>\n\t\t\t\t<\/div>\n\t\t<div class=\"elementor-element elementor-element-4a47a7b e-con-full e-flex e-con e-child\" data-id=\"4a47a7b\" data-element_type=\"container\" data-e-type=\"container\" data-settings=\"{&quot;background_background&quot;:&quot;classic&quot;}\">\n\t\t\t\t<div class=\"elementor-element elementor-element-86bfbc8 elementor-widget__width-auto elementor-widget-mobile__width-auto heading elementor-widget elementor-widget-heading\" data-id=\"86bfbc8\" data-element_type=\"widget\" data-e-type=\"widget\" data-widget_type=\"heading.default\">\n\t\t\t\t<div class=\"elementor-widget-container\">\n\t\t\t\t\t<h4 class=\"elementor-heading-title elementor-size-default\">2<\/h4>\t\t\t\t<\/div>\n\t\t\t\t<\/div>\n\t\t\t\t<div class=\"elementor-element elementor-element-91ea38b elementor-widget elementor-widget-text-editor\" data-id=\"91ea38b\" data-element_type=\"widget\" data-e-type=\"widget\" data-widget_type=\"text-editor.default\">\n\t\t\t\t<div class=\"elementor-widget-container\">\n\t\t\t\t\t\t\t\t\t<p>Alle Arbeiten erfolgen nach geltenden Vorschriften, technischen Regeln und internen Vorgaben.<\/p>\t\t\t\t\t\t\t\t<\/div>\n\t\t\t\t<\/div>\n\t\t\t\t<\/div>\n\t\t<div class=\"elementor-element elementor-element-ede96f4 e-con-full e-flex e-con e-child\" data-id=\"ede96f4\" data-element_type=\"container\" data-e-type=\"container\" data-settings=\"{&quot;background_background&quot;:&quot;classic&quot;}\">\n\t\t\t\t<div class=\"elementor-element elementor-element-c081307 elementor-widget__width-auto elementor-widget-mobile__width-auto heading elementor-widget elementor-widget-heading\" data-id=\"c081307\" data-element_type=\"widget\" data-e-type=\"widget\" data-widget_type=\"heading.default\">\n\t\t\t\t<div class=\"elementor-widget-container\">\n\t\t\t\t\t<h4 class=\"elementor-heading-title elementor-size-default\">3<\/h4>\t\t\t\t<\/div>\n\t\t\t\t<\/div>\n\t\t\t\t<div class=\"elementor-element elementor-element-ae6ae41 elementor-widget elementor-widget-text-editor\" data-id=\"ae6ae41\" data-element_type=\"widget\" data-e-type=\"widget\" data-widget_type=\"text-editor.default\">\n\t\t\t\t<div class=\"elementor-widget-container\">\n\t\t\t\t\t\t\t\t\t<p>Gef\u00e4hrdungen werden vorab beurteilt.<br data-start=\"1405\" data-end=\"1408\" \/>Die Sicherheitsanalyse erfolgt projektbezogen und ist Teil jeder Planung.<\/p>\t\t\t\t\t\t\t\t<\/div>\n\t\t\t\t<\/div>\n\t\t\t\t<\/div>\n\t\t<div class=\"elementor-element elementor-element-7422aab e-con-full e-flex e-con e-child\" data-id=\"7422aab\" data-element_type=\"container\" data-e-type=\"container\" data-settings=\"{&quot;background_background&quot;:&quot;classic&quot;}\">\n\t\t\t\t<div class=\"elementor-element elementor-element-c1dcb5a elementor-widget__width-auto elementor-widget-mobile__width-auto heading elementor-widget elementor-widget-heading\" data-id=\"c1dcb5a\" data-element_type=\"widget\" data-e-type=\"widget\" data-widget_type=\"heading.default\">\n\t\t\t\t<div class=\"elementor-widget-container\">\n\t\t\t\t\t<h4 class=\"elementor-heading-title elementor-size-default\">4<\/h4>\t\t\t\t<\/div>\n\t\t\t\t<\/div>\n\t\t\t\t<div class=\"elementor-element elementor-element-5aacfdd elementor-widget elementor-widget-text-editor\" data-id=\"5aacfdd\" data-element_type=\"widget\" data-e-type=\"widget\" data-widget_type=\"text-editor.default\">\n\t\t\t\t<div class=\"elementor-widget-container\">\n\t\t\t\t\t\t\t\t\t<p>Mitarbeitende sind unterwiesen, qualifiziert und im Besitz aller erforderlichen Nachweise.<\/p>\t\t\t\t\t\t\t\t<\/div>\n\t\t\t\t<\/div>\n\t\t\t\t<\/div>\n\t\t<div class=\"elementor-element elementor-element-3ada398 e-con-full e-flex e-con e-child\" data-id=\"3ada398\" data-element_type=\"container\" data-e-type=\"container\" data-settings=\"{&quot;background_background&quot;:&quot;classic&quot;}\">\n\t\t\t\t<div class=\"elementor-element elementor-element-c229b8b elementor-widget__width-auto elementor-widget-mobile__width-auto heading elementor-widget elementor-widget-heading\" data-id=\"c229b8b\" data-element_type=\"widget\" data-e-type=\"widget\" data-widget_type=\"heading.default\">\n\t\t\t\t<div class=\"elementor-widget-container\">\n\t\t\t\t\t<h4 class=\"elementor-heading-title elementor-size-default\">5<\/h4>\t\t\t\t<\/div>\n\t\t\t\t<\/div>\n\t\t\t\t<div class=\"elementor-element elementor-element-7ab6e10 elementor-widget elementor-widget-text-editor\" data-id=\"7ab6e10\" data-element_type=\"widget\" data-e-type=\"widget\" data-widget_type=\"text-editor.default\">\n\t\t\t\t<div class=\"elementor-widget-container\">\n\t\t\t\t\t\t\t\t\t<p>Pers\u00f6nliche Schutzausr\u00fcstung wird vollst\u00e4ndig und korrekt getragen.<\/p>\t\t\t\t\t\t\t\t<\/div>\n\t\t\t\t<\/div>\n\t\t\t\t<\/div>\n\t\t<div class=\"elementor-element elementor-element-955c062 e-con-full e-flex e-con e-child\" data-id=\"955c062\" data-element_type=\"container\" data-e-type=\"container\" data-settings=\"{&quot;background_background&quot;:&quot;classic&quot;}\">\n\t\t\t\t<div class=\"elementor-element elementor-element-52ec987 elementor-widget__width-auto elementor-widget-mobile__width-auto heading elementor-widget elementor-widget-heading\" data-id=\"52ec987\" data-element_type=\"widget\" data-e-type=\"widget\" data-widget_type=\"heading.default\">\n\t\t\t\t<div class=\"elementor-widget-container\">\n\t\t\t\t\t<h4 class=\"elementor-heading-title elementor-size-default\">6<\/h4>\t\t\t\t<\/div>\n\t\t\t\t<\/div>\n\t\t\t\t<div class=\"elementor-element elementor-element-4c58471 elementor-widget elementor-widget-text-editor\" data-id=\"4c58471\" data-element_type=\"widget\" data-e-type=\"widget\" data-widget_type=\"text-editor.default\">\n\t\t\t\t<div class=\"elementor-widget-container\">\n\t\t\t\t\t\t\t\t\t<p>Zum Einsatz kommen ausschlie\u00dflich technisch gepr\u00fcfte Maschinen und Ger\u00e4te.<\/p>\t\t\t\t\t\t\t\t<\/div>\n\t\t\t\t<\/div>\n\t\t\t\t<\/div>\n\t\t<div class=\"elementor-element elementor-element-4889885 e-con-full e-flex e-con e-child\" data-id=\"4889885\" data-element_type=\"container\" data-e-type=\"container\" data-settings=\"{&quot;background_background&quot;:&quot;classic&quot;}\">\n\t\t\t\t<div class=\"elementor-element elementor-element-b55b6ba elementor-widget__width-auto elementor-widget-mobile__width-auto heading elementor-widget elementor-widget-heading\" data-id=\"b55b6ba\" data-element_type=\"widget\" data-e-type=\"widget\" data-widget_type=\"heading.default\">\n\t\t\t\t<div class=\"elementor-widget-container\">\n\t\t\t\t\t<h4 class=\"elementor-heading-title elementor-size-default\">7<\/h4>\t\t\t\t<\/div>\n\t\t\t\t<\/div>\n\t\t\t\t<div class=\"elementor-element elementor-element-7fa4130 elementor-widget elementor-widget-text-editor\" data-id=\"7fa4130\" data-element_type=\"widget\" data-e-type=\"widget\" data-widget_type=\"text-editor.default\">\n\t\t\t\t<div class=\"elementor-widget-container\">\n\t\t\t\t\t\t\t\t\t<p>F\u00fchrungskr\u00e4fte \u00fcbernehmen Verantwortung und handeln sicherheitsorientiert<\/p>\t\t\t\t\t\t\t\t<\/div>\n\t\t\t\t<\/div>\n\t\t\t\t<\/div>\n\t\t<div class=\"elementor-element elementor-element-b5f09d9 e-con-full e-flex e-con e-child\" data-id=\"b5f09d9\" data-element_type=\"container\" data-e-type=\"container\" data-settings=\"{&quot;background_background&quot;:&quot;classic&quot;}\">\n\t\t\t\t<div class=\"elementor-element elementor-element-01910f6 elementor-widget__width-auto elementor-widget-mobile__width-auto heading elementor-widget elementor-widget-heading\" data-id=\"01910f6\" data-element_type=\"widget\" data-e-type=\"widget\" data-widget_type=\"heading.default\">\n\t\t\t\t<div class=\"elementor-widget-container\">\n\t\t\t\t\t<h4 class=\"elementor-heading-title elementor-size-default\">8<\/h4>\t\t\t\t<\/div>\n\t\t\t\t<\/div>\n\t\t\t\t<div class=\"elementor-element elementor-element-092d237 elementor-widget elementor-widget-text-editor\" data-id=\"092d237\" data-element_type=\"widget\" data-e-type=\"widget\" data-widget_type=\"text-editor.default\">\n\t\t\t\t<div class=\"elementor-widget-container\">\n\t\t\t\t\t\t\t\t\t<p>Sicherheitsaudits erfolgen regelm\u00e4\u00dfig.<br data-start=\"1854\" data-end=\"1857\" \/>Festgestellte M\u00e4ngel werden dokumentiert und behoben.<\/p>\t\t\t\t\t\t\t\t<\/div>\n\t\t\t\t<\/div>\n\t\t\t\t<\/div>\n\t\t<div class=\"elementor-element elementor-element-75603d4 e-con-full e-flex e-con e-child\" data-id=\"75603d4\" data-element_type=\"container\" data-e-type=\"container\" data-settings=\"{&quot;background_background&quot;:&quot;classic&quot;}\">\n\t\t\t\t<div class=\"elementor-element elementor-element-f8f1b5d elementor-widget__width-auto elementor-widget-mobile__width-auto heading elementor-widget elementor-widget-heading\" data-id=\"f8f1b5d\" data-element_type=\"widget\" data-e-type=\"widget\" data-widget_type=\"heading.default\">\n\t\t\t\t<div class=\"elementor-widget-container\">\n\t\t\t\t\t<h4 class=\"elementor-heading-title elementor-size-default\">9<\/h4>\t\t\t\t<\/div>\n\t\t\t\t<\/div>\n\t\t\t\t<div class=\"elementor-element elementor-element-a1166c8 elementor-widget elementor-widget-text-editor\" data-id=\"a1166c8\" data-element_type=\"widget\" data-e-type=\"widget\" data-widget_type=\"text-editor.default\">\n\t\t\t\t<div class=\"elementor-widget-container\">\n\t\t\t\t\t\t\t\t\t<p>Die arbeitsmedizinische Betreuung erfolgt nach den geltenden Vorgaben<\/p>\t\t\t\t\t\t\t\t<\/div>\n\t\t\t\t<\/div>\n\t\t\t\t<\/div>\n\t\t<div class=\"elementor-element elementor-element-0c04ee7 e-con-full e-flex e-con e-child\" data-id=\"0c04ee7\" data-element_type=\"container\" data-e-type=\"container\" data-settings=\"{&quot;background_background&quot;:&quot;classic&quot;}\">\n\t\t\t\t<div class=\"elementor-element elementor-element-5e3d438 elementor-widget__width-auto elementor-widget-mobile__width-auto heading elementor-widget elementor-widget-heading\" data-id=\"5e3d438\" data-element_type=\"widget\" data-e-type=\"widget\" data-widget_type=\"heading.default\">\n\t\t\t\t<div class=\"elementor-widget-container\">\n\t\t\t\t\t<h4 class=\"elementor-heading-title elementor-size-default\">10<\/h4>\t\t\t\t<\/div>\n\t\t\t\t<\/div>\n\t\t\t\t<div class=\"elementor-element elementor-element-6548286 elementor-widget elementor-widget-text-editor\" data-id=\"6548286\" data-element_type=\"widget\" data-e-type=\"widget\" data-widget_type=\"text-editor.default\">\n\t\t\t\t<div class=\"elementor-widget-container\">\n\t\t\t\t\t\t\t\t\t<p>T\u00e4tigkeiten mit erh\u00f6htem Risiko werden nur mit Freigabe und Fachkenntnis ausgef\u00fchrt.<\/p>\t\t\t\t\t\t\t\t<\/div>\n\t\t\t\t<\/div>\n\t\t\t\t<\/div>\n\t\t<div class=\"elementor-element elementor-element-b354623 e-con-full e-flex e-con e-child\" data-id=\"b354623\" data-element_type=\"container\" data-e-type=\"container\" data-settings=\"{&quot;background_background&quot;:&quot;classic&quot;}\">\n\t\t\t\t<div class=\"elementor-element elementor-element-2f0f18a elementor-widget__width-auto elementor-widget-mobile__width-auto heading elementor-widget elementor-widget-heading\" data-id=\"2f0f18a\" data-element_type=\"widget\" data-e-type=\"widget\" data-widget_type=\"heading.default\">\n\t\t\t\t<div class=\"elementor-widget-container\">\n\t\t\t\t\t<h4 class=\"elementor-heading-title elementor-size-default\">11<\/h4>\t\t\t\t<\/div>\n\t\t\t\t<\/div>\n\t\t\t\t<div class=\"elementor-element elementor-element-fb9f60c elementor-widget elementor-widget-text-editor\" data-id=\"fb9f60c\" data-element_type=\"widget\" data-e-type=\"widget\" data-widget_type=\"text-editor.default\">\n\t\t\t\t<div class=\"elementor-widget-container\">\n\t\t\t\t\t\t\t\t\t<p>Alle Mitarbeitenden k\u00f6nnen sich aktiv einbringen.<br data-start=\"2133\" data-end=\"2136\" \/>Sicherheitsrelevante Hinweise werden ernst genommen und aufgenommen<\/p>\t\t\t\t\t\t\t\t<\/div>\n\t\t\t\t<\/div>\n\t\t\t\t<\/div>\n\t\t\t\t<div class=\"elementor-element elementor-element-5604ac2 elementor-widget elementor-widget-text-editor\" data-id=\"5604ac2\" data-element_type=\"widget\" data-e-type=\"widget\" data-widget_type=\"text-editor.default\">\n\t\t\t\t<div class=\"elementor-widget-container\">\n\t\t\t\t\t\t\t\t\t<p>Sicherheit ist F\u00fchrungsaufgabe und Teil unserer Verantwortung.<br data-start=\"2294\" data-end=\"2297\" \/>Wir investieren in Schulung, Kontrolle und Ausstattung, um Risiken zu vermeiden und Qualit\u00e4t dauerhaft zu sichern.<\/p>\t\t\t\t\t\t\t\t<\/div>\n\t\t\t\t<\/div>\n\t\t\t\t\t<\/div>\n\t\t\t\t<\/div>\n\t\t\t\t<\/div>\n\t\t<div class=\"elementor-element elementor-element-b49fa4b e-flex e-con-boxed e-con e-parent\" data-id=\"b49fa4b\" data-element_type=\"container\" data-e-type=\"container\" data-settings=\"{&quot;background_background&quot;:&quot;gradient&quot;}\">\n\t\t\t\t\t<div class=\"e-con-inner\">\n\t\t<div class=\"elementor-element elementor-element-11126aa e-con-full sticky-div-certificate e-flex e-con e-child\" data-id=\"11126aa\" data-element_type=\"container\" data-e-type=\"container\" data-settings=\"{&quot;background_background&quot;:&quot;gradient&quot;}\">\n\t\t\t\t<div class=\"elementor-element elementor-element-6174144 elementor-widget elementor-widget-image\" data-id=\"6174144\" data-element_type=\"widget\" data-e-type=\"widget\" data-widget_type=\"image.default\">\n\t\t\t\t<div class=\"elementor-widget-container\">\n\t\t\t\t\t\t\t\t\t\t\t\t\t\t\t<img fetchpriority=\"high\" decoding=\"async\" width=\"1002\" height=\"1000\" src=\"https:\/\/adis-metall.de\/wp-content\/uploads\/Approved@2x.png\" class=\"attachment-large size-large wp-image-1408\" alt=\"\" srcset=\"https:\/\/adis-metall.de\/wp-content\/uploads\/Approved@2x.png 1002w, https:\/\/adis-metall.de\/wp-content\/uploads\/Approved@2x-300x300.png 300w, https:\/\/adis-metall.de\/wp-content\/uploads\/Approved@2x-150x150.png 150w, https:\/\/adis-metall.de\/wp-content\/uploads\/Approved@2x-768x766.png 768w, https:\/\/adis-metall.de\/wp-content\/uploads\/Approved@2x-12x12.png 12w, https:\/\/adis-metall.de\/wp-content\/uploads\/Approved@2x-500x500.png 500w\" sizes=\"(max-width: 1002px) 100vw, 1002px\" \/>\t\t\t\t\t\t\t\t\t\t\t\t\t\t\t<\/div>\n\t\t\t\t<\/div>\n\t\t\t\t<div class=\"elementor-element elementor-element-9338877 elementor-widget elementor-widget-heading\" data-id=\"9338877\" data-element_type=\"widget\" data-e-type=\"widget\" data-widget_type=\"heading.default\">\n\t\t\t\t<div class=\"elementor-widget-container\">\n\t\t\t\t\t<h4 class=\"elementor-heading-title elementor-size-default\">Zertifikate<\/h4>\t\t\t\t<\/div>\n\t\t\t\t<\/div>\n\t\t\t\t<\/div>\n\t\t<div class=\"elementor-element elementor-element-592d3e9 e-con-full e-flex e-con e-child\" data-id=\"592d3e9\" data-element_type=\"container\" data-e-type=\"container\">\n\t\t\t\t<div class=\"elementor-element elementor-element-b300cf0 elementor-widget elementor-widget-text-editor\" data-id=\"b300cf0\" data-element_type=\"widget\" data-e-type=\"widget\" data-widget_type=\"text-editor.default\">\n\t\t\t\t<div class=\"elementor-widget-container\">\n\t\t\t\t\t\t\t\t\tDa die Sicherheit zu jederzeit bei unserer Arbeit h\u00f6chste Priorit\u00e4t hat, m\u00f6chten wir unbedingt transparent mit unseren Kunden kommuni&shy;zieren. Daher bieten wir nach&shy;stehend alle unsere Zertifikate, die wir \u00fcber die Jahre erhalten haben, zum download an.\t\t\t\t\t\t\t\t<\/div>\n\t\t\t\t<\/div>\n\t\t\t\t<\/div>\n\t\t<div class=\"elementor-element elementor-element-4e81c88 e-con-full e-flex e-con e-child\" data-id=\"4e81c88\" data-element_type=\"container\" data-e-type=\"container\">\n\t\t\t\t<div class=\"elementor-element elementor-element-ea8189e elementor-widget elementor-widget-image\" data-id=\"ea8189e\" data-element_type=\"widget\" data-e-type=\"widget\" data-widget_type=\"image.default\">\n\t\t\t\t<div class=\"elementor-widget-container\">\n\t\t\t\t\t\t\t\t\t\t\t\t\t\t\t\t<a href=\"http:\/\/adis-metall.de\/wp-content\/uploads\/AdisGorcevic_TRGS-521_geschwaerzt.webp\" data-elementor-open-lightbox=\"yes\" data-elementor-lightbox-title=\"AdisGorcevic_TRGS 521_geschwaerzt\" data-e-action-hash=\"#elementor-action%3Aaction%3Dlightbox%26settings%3DeyJpZCI6MTU1MCwidXJsIjoiaHR0cHM6XC9cL2FkaXMtbWV0YWxsLmRlXC93cC1jb250ZW50XC91cGxvYWRzXC9BZGlzR29yY2V2aWNfVFJHUy01MjFfZ2VzY2h3YWVyenQud2VicCJ9\">\n\t\t\t\t\t\t\t<img decoding=\"async\" width=\"1581\" height=\"2246\" src=\"https:\/\/adis-metall.de\/wp-content\/uploads\/AdisGorcevic_TRGS-521_geschwaerzt.webp\" class=\"attachment-large size-large wp-image-1550\" alt=\"\" srcset=\"https:\/\/adis-metall.de\/wp-content\/uploads\/AdisGorcevic_TRGS-521_geschwaerzt.webp 1581w, https:\/\/adis-metall.de\/wp-content\/uploads\/AdisGorcevic_TRGS-521_geschwaerzt-211x300.webp 211w, https:\/\/adis-metall.de\/wp-content\/uploads\/AdisGorcevic_TRGS-521_geschwaerzt-768x1091.webp 768w, https:\/\/adis-metall.de\/wp-content\/uploads\/AdisGorcevic_TRGS-521_geschwaerzt-1081x1536.webp 1081w, https:\/\/adis-metall.de\/wp-content\/uploads\/AdisGorcevic_TRGS-521_geschwaerzt-1442x2048.webp 1442w, https:\/\/adis-metall.de\/wp-content\/uploads\/AdisGorcevic_TRGS-521_geschwaerzt-8x12.webp 8w\" sizes=\"(max-width: 1581px) 100vw, 1581px\" \/>\t\t\t\t\t\t\t\t<\/a>\n\t\t\t\t\t\t\t\t\t\t\t\t\t\t\t<\/div>\n\t\t\t\t<\/div>\n\t\t\t\t<div class=\"elementor-element elementor-element-482f7ba elementor-widget elementor-widget-image\" data-id=\"482f7ba\" data-element_type=\"widget\" data-e-type=\"widget\" data-widget_type=\"image.default\">\n\t\t\t\t<div class=\"elementor-widget-container\">\n\t\t\t\t\t\t\t\t\t\t\t\t\t\t\t\t<a href=\"https:\/\/adis-metall.de\/wp-content\/uploads\/Z3504_318767_2268Z35042025-2028.jpg\" data-elementor-open-lightbox=\"yes\" data-elementor-lightbox-title=\"Z3504_318767_2268Z35042025-2028\" data-e-action-hash=\"#elementor-action%3Aaction%3Dlightbox%26settings%3DeyJpZCI6MTc5NSwidXJsIjoiaHR0cHM6XC9cL2FkaXMtbWV0YWxsLmRlXC93cC1jb250ZW50XC91cGxvYWRzXC9aMzUwNF8zMTg3NjdfMjI2OFozNTA0MjAyNS0yMDI4LmpwZyJ9\">\n\t\t\t\t\t\t\t<img decoding=\"async\" width=\"1240\" height=\"1753\" src=\"https:\/\/adis-metall.de\/wp-content\/uploads\/Z3504_318767_2268Z35042025-2028.jpg\" class=\"attachment-large size-large wp-image-1795\" alt=\"\" srcset=\"https:\/\/adis-metall.de\/wp-content\/uploads\/Z3504_318767_2268Z35042025-2028.jpg 1240w, https:\/\/adis-metall.de\/wp-content\/uploads\/Z3504_318767_2268Z35042025-2028-212x300.jpg 212w, https:\/\/adis-metall.de\/wp-content\/uploads\/Z3504_318767_2268Z35042025-2028-768x1086.jpg 768w, https:\/\/adis-metall.de\/wp-content\/uploads\/Z3504_318767_2268Z35042025-2028-1087x1536.jpg 1087w, https:\/\/adis-metall.de\/wp-content\/uploads\/Z3504_318767_2268Z35042025-2028-8x12.jpg 8w\" sizes=\"(max-width: 1240px) 100vw, 1240px\" \/>\t\t\t\t\t\t\t\t<\/a>\n\t\t\t\t\t\t\t\t\t\t\t\t\t\t\t<\/div>\n\t\t\t\t<\/div>\n\t\t\t\t<div class=\"elementor-element elementor-element-f3f47b6 elementor-widget elementor-widget-image\" data-id=\"f3f47b6\" data-element_type=\"widget\" data-e-type=\"widget\" data-widget_type=\"image.default\">\n\t\t\t\t<div class=\"elementor-widget-container\">\n\t\t\t\t\t\t\t\t\t\t\t\t\t\t\t\t<a href=\"http:\/\/adis-metall.de\/wp-content\/uploads\/AdisGorcevic_TRGS-519-Anlage-4C_geschwaerzt.webp\" data-elementor-open-lightbox=\"yes\" data-elementor-lightbox-title=\"AdisGorcevic_TRGS 519 Anlage 4C_geschwaerzt\" data-e-action-hash=\"#elementor-action%3Aaction%3Dlightbox%26settings%3DeyJpZCI6MTU0OSwidXJsIjoiaHR0cHM6XC9cL2FkaXMtbWV0YWxsLmRlXC93cC1jb250ZW50XC91cGxvYWRzXC9BZGlzR29yY2V2aWNfVFJHUy01MTktQW5sYWdlLTRDX2dlc2Nod2Flcnp0LndlYnAifQ%3D%3D\">\n\t\t\t\t\t\t\t<img loading=\"lazy\" decoding=\"async\" width=\"1569\" height=\"2246\" src=\"https:\/\/adis-metall.de\/wp-content\/uploads\/AdisGorcevic_TRGS-519-Anlage-4C_geschwaerzt.webp\" class=\"attachment-large size-large wp-image-1549\" alt=\"\" srcset=\"https:\/\/adis-metall.de\/wp-content\/uploads\/AdisGorcevic_TRGS-519-Anlage-4C_geschwaerzt.webp 1569w, https:\/\/adis-metall.de\/wp-content\/uploads\/AdisGorcevic_TRGS-519-Anlage-4C_geschwaerzt-210x300.webp 210w, https:\/\/adis-metall.de\/wp-content\/uploads\/AdisGorcevic_TRGS-519-Anlage-4C_geschwaerzt-768x1099.webp 768w, https:\/\/adis-metall.de\/wp-content\/uploads\/AdisGorcevic_TRGS-519-Anlage-4C_geschwaerzt-1073x1536.webp 1073w, https:\/\/adis-metall.de\/wp-content\/uploads\/AdisGorcevic_TRGS-519-Anlage-4C_geschwaerzt-1431x2048.webp 1431w, https:\/\/adis-metall.de\/wp-content\/uploads\/AdisGorcevic_TRGS-519-Anlage-4C_geschwaerzt-8x12.webp 8w\" sizes=\"(max-width: 1569px) 100vw, 1569px\" \/>\t\t\t\t\t\t\t\t<\/a>\n\t\t\t\t\t\t\t\t\t\t\t\t\t\t\t<\/div>\n\t\t\t\t<\/div>\n\t\t\t\t<\/div>\n\t\t\t\t\t<\/div>\n\t\t\t\t<\/div>\n\t\t\t\t<\/div>","protected":false},"excerpt":{"rendered":"<p>Safety First Wir arbeiten kontrolliert, geschult und mit klaren Vorgaben f\u00fcr jeden Einsatzbereich Sicheres Arbeiten bei ADIS Metall Sicherheit ist bei ADIS Metall Teil des t\u00e4glichen Handelns. Alle Vorgaben gelten f\u00fcr das gesamte Team und sind fest in unsere Abl\u00e4ufe integriert. Die folgenden Punkte beschreiben unseren Sicherheitsstandard in der Praxis. 1 Wir schaffen sichere und [&hellip;]<\/p>\n","protected":false},"author":2,"featured_media":0,"parent":0,"menu_order":0,"comment_status":"closed","ping_status":"closed","template":"elementor_header_footer","meta":{"_acf_changed":false,"footnotes":""},"class_list":["post-1208","page","type-page","status-publish","hentry"],"acf":[],"_links":{"self":[{"href":"https:\/\/adis-metall.de\/en\/wp-json\/wp\/v2\/pages\/1208","targetHints":{"allow":["GET"]}}],"collection":[{"href":"https:\/\/adis-metall.de\/en\/wp-json\/wp\/v2\/pages"}],"about":[{"href":"https:\/\/adis-metall.de\/en\/wp-json\/wp\/v2\/types\/page"}],"author":[{"embeddable":true,"href":"https:\/\/adis-metall.de\/en\/wp-json\/wp\/v2\/users\/2"}],"replies":[{"embeddable":true,"href":"https:\/\/adis-metall.de\/en\/wp-json\/wp\/v2\/comments?post=1208"}],"version-history":[{"count":166,"href":"https:\/\/adis-metall.de\/en\/wp-json\/wp\/v2\/pages\/1208\/revisions"}],"predecessor-version":[{"id":1798,"href":"https:\/\/adis-metall.de\/en\/wp-json\/wp\/v2\/pages\/1208\/revisions\/1798"}],"wp:attachment":[{"href":"https:\/\/adis-metall.de\/en\/wp-json\/wp\/v2\/media?parent=1208"}],"curies":[{"name":"wp","href":"https:\/\/api.w.org\/{rel}","templated":true}]}}